{"id":73,"date":"2017-01-16T23:50:24","date_gmt":"2017-01-16T23:50:24","guid":{"rendered":"http:\/\/themenectar.com\/demo\/salient-minimal-portfolio\/?page_id=73"},"modified":"2024-04-06T00:41:55","modified_gmt":"2024-04-06T00:41:55","slug":"about","status":"publish","type":"page","link":"http:\/\/lemondestudio.com\/fr\/about\/","title":{"rendered":"About"},"content":{"rendered":"<div id=\"fws_69d79b02dc30e\"  data-column-margin=\"default\" data-midnight=\"light\"  class=\"wpb_row vc_row-fluid vc_row full-width-content vc_row-o-equal-height vc_row-flex vc_row-o-content-top\"  style=\"padding-top: 0px; padding-bottom: 0px; \"><div class=\"row-bg-wrap\" data-bg-animation=\"none\" data-bg-overlay=\"false\"><div class=\"inner-wrap\"><div class=\"row-bg viewport-desktop using-bg-color\"  style=\"background-color: #000000; \"><\/div><\/div><\/div><div class=\"row_col_wrap_12 col span_12 light left\">\n\t<div  class=\"vc_col-sm-6 wpb_column column_container vc_column_container col padding-5-percent inherit_tablet inherit_phone\"  data-padding-pos=\"all\" data-has-bg-color=\"false\" data-bg-color=\"\" data-bg-opacity=\"1\" data-animation=\"\" data-delay=\"0\" >\n\t\t<div class=\"vc_column-inner\" >\n\t\t\t<div class=\"wpb_wrapper\">\n\t\t\t\t<div class=\"divider-wrap\" data-alignment=\"default\"><div style=\"height: 180px;\" class=\"divider\"><\/div><\/div><div id=\"fws_69d79b02dcaf2\" data-midnight=\"\" data-column-margin=\"default\" class=\"wpb_row vc_row-fluid vc_row inner_row\"  style=\"\"><div class=\"row-bg-wrap\"> <div class=\"row-bg\" ><\/div> <\/div><div class=\"row_col_wrap_12_inner col span_12  left\">\n\t<div  class=\"vc_col-sm-12 wpb_column column_container vc_column_container col child_column has-animation no-extra-padding inherit_tablet inherit_phone\"   data-padding-pos=\"all\" data-has-bg-color=\"false\" data-bg-color=\"\" data-bg-opacity=\"1\" data-animation=\"fade-in-from-bottom\" data-delay=\"0\" >\n\t\t<div class=\"vc_column-inner\" >\n\t\t<div class=\"wpb_wrapper\">\n\t\t\t<h6 style=\"font-size: 28px;color: #263c8a;text-align: left\" class=\"vc_custom_heading\" ><strong>\u00c0 propos de LeMonde Studio<\/strong><\/h6>\n\t\t<\/div> \n\t<\/div>\n\t<\/div> \n<\/div><\/div><div class=\"divider-wrap\" data-alignment=\"default\"><div style=\"height: 10px;\" class=\"divider\"><\/div><\/div><div id=\"fws_69d79b02dd4c0\" data-midnight=\"\" data-column-margin=\"default\" class=\"wpb_row vc_row-fluid vc_row inner_row\"  style=\"\"><div class=\"row-bg-wrap\"> <div class=\"row-bg\" ><\/div> <\/div><div class=\"row_col_wrap_12_inner col span_12  left\">\n\t<div  class=\"vc_col-sm-12 wpb_column column_container vc_column_container col child_column no-extra-padding inherit_tablet inherit_phone\"   data-padding-pos=\"all\" data-has-bg-color=\"false\" data-bg-color=\"\" data-bg-opacity=\"1\" data-animation=\"\" data-delay=\"0\" >\n\t\t<div class=\"vc_column-inner\" >\n\t\t<div class=\"wpb_wrapper\">\n\t\t\t<div class=\"nectar-split-heading\" data-align=\"default\" data-m-align=\"inherit\" data-text-effect=\"default\" data-animation-type=\"line-reveal-by-space\" data-animation-delay=\"0\" data-animation-offset=\"\" data-m-rm-animation=\"\" data-stagger=\"\" data-custom-font-size=\"false\" ><h2 style=\"max-width: 500px;\">Art durable + Exp\u00e9riences immersives<\/h2><\/div>\n\t\t<\/div> \n\t<\/div>\n\t<\/div> \n<\/div><\/div><div id=\"fws_69d79b02ddd1f\" data-midnight=\"\" data-column-margin=\"default\" class=\"wpb_row vc_row-fluid vc_row inner_row\"  style=\"padding-top: 10px; padding-bottom: 20px; \"><div class=\"row-bg-wrap\"> <div class=\"row-bg\" ><\/div> <\/div><div class=\"row_col_wrap_12_inner col span_12  left\">\n\t<div  class=\"vc_col-sm-12 wpb_column column_container vc_column_container col child_column has-animation no-extra-padding inherit_tablet inherit_phone\"   data-padding-pos=\"all\" data-has-bg-color=\"false\" data-bg-color=\"\" data-bg-opacity=\"1\" data-animation=\"fade-in-from-bottom\" data-delay=\"200\" >\n\t\t<div class=\"vc_column-inner\" >\n\t\t<div class=\"wpb_wrapper\">\n\t\t\t<p style=\"text-align: left\" class=\"vc_custom_heading\" >LeMonde Studio s'inscrit dans un mouvement de transformation en d\u00e9veloppant un divertissement plus soucieux de l'environnement combinant art interactif et technologie sensorielle.<\/p>\n\t\t<\/div> \n\t<\/div>\n\t<\/div> \n<\/div><\/div><div id=\"fws_69d79b02de3b8\" data-midnight=\"\" data-column-margin=\"default\" class=\"wpb_row vc_row-fluid vc_row inner_row\"  style=\"\"><div class=\"row-bg-wrap\"> <div class=\"row-bg\" ><\/div> <\/div><div class=\"row_col_wrap_12_inner col span_12  left\">\n\t<div  class=\"vc_col-sm-12 wpb_column column_container vc_column_container col child_column no-extra-padding inherit_tablet inherit_phone\"   data-padding-pos=\"all\" data-has-bg-color=\"false\" data-bg-color=\"\" data-bg-opacity=\"1\" data-animation=\"\" data-delay=\"0\" >\n\t\t<div class=\"vc_column-inner\" >\n\t\t<div class=\"wpb_wrapper\">\n\t\t\t\n<div class=\"nectar-rotating-words-title  font_size_18 color_263c8a element_stagger_words has-ending-text\"  data-rotation=\"3000\" data-delay=\"none\" data-mobile=\"inline\">\n  <h6 class=\"heading\">  <span class=\"dynamic-words\" data-inherit-heading-family=\"h3\">\n    <span class=\"text-wrap active\"><span><span>\u21dd Cr\u00e9er<\/span><\/span><\/span><span class=\"text-wrap\"><span><span>\u2698 Alimenter<\/span><\/span><\/span><span class=\"text-wrap\"><span><span>\u0f04 Faire jaillir<\/span><\/span><\/span><span class=\"text-wrap\"><span><span>\u2301 Provoquer<\/span><\/span><\/span><span class=\"text-wrap\"><span><span>\u0724 R\u00e9colter<\/span><\/span><\/span>  <\/span>\n  <span class=\"ending-text\"><span class=\"text-wrap\"><span class=\"inner\">la<\/span><\/span> <span class=\"text-wrap\"><span class=\"inner\">bonne<\/span><\/span> <span class=\"text-wrap\"><span class=\"inner\">\u00e9nergie<\/span><\/span> <\/span><\/h6>\n<\/div><div class=\"nectar_icon_wrap\" data-style=\"default\" data-padding=\"20px\" data-color=\"accent-color\" style=\"\" >\n\t\t<div class=\"nectar_icon\" ><a href=\"https:\/\/www.linkedin.com\/company\/dix-au-carr%C3%A9\/\" target=\"_blank\"><\/a><span class=\"im-icon-wrap\" data-color=\"accent-color\" style=\"height: 29px; width: 29px;\"><span><svg version=\"1.1\" xmlns=\"http:\/\/www.w3.org\/2000\/svg\" width=\"29\" height=\"29\" viewbox=\"0 0 39 32\">\n        <path d=\"M10.695 10.687h-6.667c-0.368 0-0.667 0.299-0.667 0.667v20c0 0.368 0.299 0.667 0.667 0.667h6.667c0.368 0 0.667-0.299 0.667-0.667v-20c0-0.369-0.299-0.667-0.667-0.667zM10.028 30.687h-5.333v-18.667h5.333v18.667zM7.636-0.020c-2.357 0-4.275 1.941-4.275 4.328 0 2.388 1.917 4.329 4.275 4.329s4.275-1.943 4.275-4.329c0-2.387-1.917-4.328-4.275-4.328zM7.636 7.305c-1.621 0-2.941-1.344-2.941-2.996 0-1.651 1.32-2.995 2.941-2.995 1.623 0 2.941 1.344 2.941 2.995 0 1.652-1.319 2.996-2.941 2.996zM27.361 10.545c-3.251 0-5.463 0.8-6.667 1.401v-0.593c0-0.368-0.299-0.667-0.667-0.667h-5.333c-0.368 0-0.667 0.299-0.667 0.667v20c0 0.368 0.299 0.667 0.667 0.667h5.333c0.368 0 0.667-0.299 0.667-0.667v-10.984c0-1.713 1.76-2.995 3.333-2.995s3.333 1.281 3.333 2.995v10.984c0 0.368 0.299 0.667 0.667 0.667h6.667c0.368 0 0.667-0.299 0.667-0.667v-12.815c0-4.408-3.588-7.993-8-7.993zM34.028 30.687h-5.333v-10.317c0-2.305-2.181-4.328-4.667-4.328s-4.667 2.023-4.667 4.328v10.317h-4v-18.667h4v1.1c0 0.255 0.145 0.485 0.375 0.597 0.231 0.115 0.504 0.083 0.703-0.073 0.023-0.017 2.327-1.765 6.921-1.765 3.676 0 6.667 2.987 6.667 6.659v12.149z\"><\/path>\n        <\/svg><\/span><\/span><\/div>\n\t<\/div><div class=\"nectar_icon_wrap\" data-style=\"default\" data-padding=\"20px\" data-color=\"accent-color\" style=\"\" >\n\t\t<div class=\"nectar_icon\" ><a href=\"https:\/\/www.instagram.com\/lemondestudio\/\" target=\"_blank\"><\/a><span class=\"im-icon-wrap\" data-color=\"accent-color\" style=\"height: 29px; width: 29px;\"><span><svg version=\"1.1\" xmlns=\"http:\/\/www.w3.org\/2000\/svg\" width=\"29\" height=\"29\" viewbox=\"0 0 32 32\">\n        <path d=\"M27.333 32h-22.667c-2.573 0-4.667-2.093-4.667-4.667v-22.667c0-2.573 2.093-4.667 4.667-4.667h22.667c2.573 0 4.667 2.093 4.667 4.667v22.667c0 2.573-2.093 4.667-4.667 4.667zM4.667 1.333c-1.837 0-3.333 1.495-3.333 3.333v22.667c0 1.839 1.496 3.333 3.333 3.333h22.667c1.837 0 3.333-1.495 3.333-3.333v-22.667c0-1.839-1.496-3.333-3.333-3.333h-22.667zM16 24c-4.412 0-8-3.588-8-8s3.588-8 8-8c4.412 0 8 3.588 8 8s-3.588 8-8 8zM16 9.333c-3.676 0-6.667 2.991-6.667 6.667s2.991 6.667 6.667 6.667 6.667-2.991 6.667-6.667-2.991-6.667-6.667-6.667zM16 20.333c-2.389 0-4.333-1.944-4.333-4.333s1.944-4.333 4.333-4.333 4.333 1.944 4.333 4.333-1.944 4.333-4.333 4.333zM16 13c-1.655 0-3 1.347-3 3s1.345 3 3 3 3-1.347 3-3-1.345-3-3-3zM1.333 9.333h10.667v1.333h-10.667v-1.333zM20 9.333h10.667v1.333h-10.667v-1.333zM8.667 10.667h-4c-0.368 0-0.667-0.3-0.667-0.667v-9.333c0-0.367 0.299-0.667 0.667-0.667h4c0.368 0 0.667 0.3 0.667 0.667v9.333c0 0.367-0.299 0.667-0.667 0.667zM5.333 9.333h2.667v-8h-2.667v8zM27.333 8h-4c-0.367 0-0.667-0.3-0.667-0.667v-4c0-0.367 0.3-0.667 0.667-0.667h4c0.367 0 0.667 0.3 0.667 0.667v4c0 0.367-0.3 0.667-0.667 0.667zM24 6.667h2.667v-2.667h-2.667v2.667z\"><\/path>\n        <\/svg><\/span><\/span><\/div>\n\t<\/div><div class=\"divider-wrap\" data-alignment=\"default\"><div style=\"height: 50px;\" class=\"divider\"><\/div><\/div>\n\t\t<\/div> \n\t<\/div>\n\t<\/div> \n<\/div><\/div>\n\t\t\t<\/div> \n\t\t<\/div>\n\t<\/div> \n\n\t<div style=\"\" class=\"vc_col-sm-6 wpb_column column_container vc_column_container col no-extra-padding inherit_tablet inherit_phone\" data-using-bg=\"true\" data-overlay-color=\"true\" data-bg-cover=\"true\" data-padding-pos=\"all\" data-has-bg-color=\"false\" data-bg-color=\"\" data-bg-opacity=\"0.1\" data-animation=\"\" data-delay=\"0\" >\n\t\t<div class=\"vc_column-inner\" ><div class=\"column-image-bg-wrap column-bg-layer viewport-desktop\" data-bg-pos=\"center center\" data-bg-animation=\"none\" data-bg-overlay=\"true\"><div class=\"inner-wrap\"><div class=\"column-image-bg\" style=\" background-image: url('http:\/\/lemondestudio.com\/wp-content\/uploads\/2023\/03\/felix_nicolas_900x1200.jpg'); \"><\/div><\/div><\/div><div class=\"column-bg-overlay-wrap column-bg-layer\" data-bg-animation=\"none\"><div class=\"column-bg-overlay\"><\/div><div class=\"column-overlay-layer\" style=\"background-color:rgba(0,0,0,0.83);  opacity: 0.3; \"><\/div><\/div>\n\t\t\t<div class=\"wpb_wrapper\">\n\t\t\t\t\n\t\t\t<\/div> \n\t\t<\/div>\n\t<\/div> \n<\/div><\/div>\n\t\t<div id=\"fws_69d79b02e0319\"  data-column-margin=\"default\" data-midnight=\"dark\" data-top-percent=\"10%\" data-bottom-percent=\"10%\"  class=\"wpb_row vc_row-fluid vc_row full-width-section\"  style=\"padding-top: calc(100vw * 0.10); padding-bottom: calc(100vw * 0.10); \"><div class=\"row-bg-wrap\" data-bg-animation=\"none\" data-bg-overlay=\"false\"><div class=\"inner-wrap\"><div class=\"row-bg viewport-desktop using-bg-color\"  style=\"background-color: #ffffff; \"><\/div><\/div><\/div><div class=\"row_col_wrap_12 col span_12 dark left\">\n\t<div  class=\"vc_col-sm-12 wpb_column column_container vc_column_container col no-extra-padding inherit_tablet inherit_phone\"  data-padding-pos=\"all\" data-has-bg-color=\"false\" data-bg-color=\"\" data-bg-opacity=\"1\" data-animation=\"\" data-delay=\"0\" >\n\t\t<div class=\"vc_column-inner\" >\n\t\t\t<div class=\"wpb_wrapper\">\n\t\t\t\t<div id=\"fws_69d79b02e089b\" data-midnight=\"\" data-column-margin=\"default\" class=\"wpb_row vc_row-fluid vc_row inner_row\"  style=\"\"><div class=\"row-bg-wrap\"> <div class=\"row-bg\" ><\/div> <\/div><div class=\"row_col_wrap_12_inner col span_12  left\">\n\t<div  class=\"vc_col-sm-12 wpb_column column_container vc_column_container col child_column no-extra-padding inherit_tablet inherit_phone\"   data-padding-pos=\"all\" data-has-bg-color=\"false\" data-bg-color=\"\" data-bg-opacity=\"1\" data-animation=\"\" data-delay=\"0\" >\n\t\t<div class=\"vc_column-inner\" >\n\t\t<div class=\"wpb_wrapper\">\n\t\t\t<div class=\"nectar-split-heading\" data-align=\"default\" data-m-align=\"inherit\" data-text-effect=\"default\" data-animation-type=\"line-reveal-by-space\" data-animation-delay=\"0\" data-animation-offset=\"\" data-m-rm-animation=\"\" data-stagger=\"\" data-custom-font-size=\"false\" ><h2 style=\" color: #263c8a;\">LeMonde Studio tranforme les milieux naturels + les expaces commerciaux en exp\u00e9rience magique.<\/h2><\/div>\n\t\t<\/div> \n\t<\/div>\n\t<\/div> \n<\/div><\/div><div id=\"fws_69d79b02e0f39\" data-midnight=\"\" data-column-margin=\"default\" class=\"wpb_row vc_row-fluid vc_row inner_row\"  style=\"\"><div class=\"row-bg-wrap\"> <div class=\"row-bg\" ><\/div> <\/div><div class=\"row_col_wrap_12_inner col span_12  left\">\n\t<div  class=\"vc_col-sm-6 wpb_column column_container vc_column_container col child_column has-animation no-extra-padding inherit_tablet inherit_phone\"   data-padding-pos=\"top-bottom\" data-has-bg-color=\"false\" data-bg-color=\"\" data-bg-opacity=\"1\" data-animation=\"fade-in-from-bottom\" data-delay=\"0\" >\n\t\t<div class=\"vc_column-inner\" >\n\t\t<div class=\"wpb_wrapper\">\n\t\t\t<p style=\"color: rgba(0,0,0,0.9);text-align: left\" class=\"vc_custom_heading\" >LeMonde Studio s'inscrit dans une d\u00e9marche en faveur d'un divertissement plus durable combinant l'art et la technologie sensorielle. En alimentant chaque projet par l'\u00e9nergie humaine ou par des technologies vertes, nous pla\u00e7ons le visiteur au centre de l'exp\u00e9rience, cr\u00e9ant ainsi des liens entre les communaut\u00e9s tout en enseignant la valeur r\u00e9elle de l'\u00e9nergie.\nNos clients sont des organismes publics, des gouvernements, des espaces commerciaux et des marques \u00e0 la recherche de nouvelles fa\u00e7ons de s'engager aupr\u00e8s de leur communaut\u00e9 en leur offrant une pause bien n\u00e9cessaire dans leur vie au rythme effr\u00e9n\u00e9.<\/p>\n\t\t<\/div> \n\t<\/div>\n\t<\/div> \n\n\t<div style=\" color: #000000;\" class=\"vc_col-sm-6 wpb_column column_container vc_column_container col child_column has-animation no-extra-padding inherit_tablet inherit_phone\" data-cfc=\"true\"  data-padding-pos=\"top-bottom\" data-has-bg-color=\"false\" data-bg-color=\"\" data-bg-opacity=\"1\" data-animation=\"fade-in-from-bottom\" data-delay=\"100\" >\n\t\t<div class=\"vc_column-inner\" >\n\t\t<div class=\"wpb_wrapper\">\n\t\t\t<p style=\"color: rgba(0,0,0,0.9);text-align: left\" class=\"vc_custom_heading\" >Nous pensons que les gens sont toujours \u00e0 la recherche de nouvelles \u00e9motions et veulent nourrir leur besoin de curiosit\u00e9. Personne ne veut voir la m\u00eame cr\u00e9ation pendant 20 ans, aussi glorieuse soit-elle. C'est ce qui fait notre raison d'\u00eatre.\nNous travaillons avec nos clients sur une proposition en constante \u00e9volution en veillant \u00e0 ce que nos pi\u00e8ces soient modulaires et puissent \u00e9voluer au fil des saisons ou se transformer en une nouvelle pi\u00e8ce au style et au toucher diff\u00e9rents. Nos cr\u00e9ations sont toujours disponibles \u00e0 la location, ce qui les rend beaucoup plus abordables. Nous sommes \u00e9videmment toujours heureux de travailler sur des projets permanents ou semi-permanents.<\/p>\n\t\t<\/div> \n\t<\/div>\n\t<\/div> \n<\/div><\/div><div id=\"fws_69d79b02e194a\" data-midnight=\"\" data-column-margin=\"default\" class=\"wpb_row vc_row-fluid vc_row inner_row\"  style=\"padding-top: 20px; \"><div class=\"row-bg-wrap\"> <div class=\"row-bg\" ><\/div> <\/div><div class=\"row_col_wrap_12_inner col span_12  left\">\n\t<div  class=\"vc_col-sm-12 wpb_column column_container vc_column_container col child_column has-animation no-extra-padding inherit_tablet inherit_phone\"   data-padding-pos=\"all\" data-has-bg-color=\"false\" data-bg-color=\"\" data-bg-opacity=\"1\" data-animation=\"fade-in-from-bottom\" data-delay=\"0\" >\n\t\t<div class=\"vc_column-inner\" >\n\t\t<div class=\"wpb_wrapper\">\n\t\t\t<a class=\"nectar-button large regular accent-color has-icon  regular-button\"  style=\"margin-top: 35px; \"  href=\"http:\/\/lemondestudio.com\/fr\/contact\/\" data-color-override=\"false\" data-hover-color-override=\"false\" data-hover-text-color-override=\"#fff\"><span>imaginer un projet<\/span><i  class=\"icon-button-arrow\"><\/i><\/a>\n\t\t<\/div> \n\t<\/div>\n\t<\/div> \n<\/div><\/div>\n\t\t\t<\/div> \n\t\t<\/div>\n\t<\/div> \n<\/div><\/div>\n\t\t<div id=\"fws_69d79b02e2c91\"  data-column-margin=\"default\" data-midnight=\"light\" data-top-percent=\"10%\" data-bottom-percent=\"10%\"  class=\"wpb_row vc_row-fluid vc_row full-width-section parallax_section\"  style=\"padding-top: calc(100vw * 0.10); padding-bottom: calc(100vw * 0.10); \"><div class=\"row-bg-wrap\" data-bg-animation=\"none\" data-bg-overlay=\"true\"><div class=\"inner-wrap using-image\"><div class=\"row-bg viewport-desktop using-image using-bg-color\" data-parallax-speed=\"fast\" style=\"background-position: left top; background-repeat: no-repeat; background-color: #383838; \" data-nectar-img-src=\"http:\/\/lemondestudio.com\/wp-content\/uploads\/2023\/02\/TempProjectImage.jpg\"><\/div><\/div><div class=\"row-bg-overlay\" style=\"background-color:#0a0a0a;  opacity: 0.5; \"><\/div><\/div><div class=\"row_col_wrap_12 col span_12 light left\">\n\t<div  class=\"vc_col-sm-12 wpb_column column_container vc_column_container col has-animation no-extra-padding inherit_tablet inherit_phone\"  data-padding-pos=\"all\" data-has-bg-color=\"false\" data-bg-color=\"\" data-bg-opacity=\"1\" data-animation=\"fade-in-from-bottom\" data-delay=\"0\" >\n\t\t<div class=\"vc_column-inner\" >\n\t\t\t<div class=\"wpb_wrapper\">\n\t\t\t\t<div class=\"testimonial_slider span_12 col disable-height-animation\" data-color=\"\"  data-rating-color=\"accent-color\" data-add-border=\"\" data-autorotate=\"\" data-style=\"minimal\" ><div class=\"slides\"><blockquote>  <p><span class=\"open-quote\">&#8220;<\/span>\u00c7a \u00e9t\u00e9 un paisir de travailler avec LeMonde Studio tout au long du processus et d'amener la Big Apple \u00e0 Hudson Yards. Non seulement la Big Apple \u00e9tait une fa\u00e7on cr\u00e9ative et engageante d'activer notre espace public, mais le processus d'installation et de planification s'est \u00e9galement d\u00e9roul\u00e9 facilement grace au soutien et la communication de la part de l'\u00e9quipe LeMonde Studio.<span class=\"close-quote\">&#8221;<\/span> <span class=\"bottom-arrow\"><\/span><\/p><span class=\"testimonial-name\">Bella Conway<\/span><span class=\"title\">Responsable Marketing et Programmation, Hudson Yards Hell's Kitchen Alliance<\/span><\/blockquote><blockquote>  <p><span class=\"open-quote\">&#8220;<\/span>Lemonde Studio has been excellent to work with over the past year. Its been a fun partnership between our business improvement district and the studio and it has really brought some cool and exciting activations to the 161st Street BID. We're looking forward to continuing this partnership in the future.<span class=\"close-quote\">&#8221;<\/span> <span class=\"bottom-arrow\"><\/span><\/p><span class=\"testimonial-name\">Trey Jenkins<\/span><span class=\"title\">161 Street BID<\/span><\/blockquote><blockquote>  <p><span class=\"open-quote\">&#8220;<\/span>It was wonderful and easy to work with LeMonde. The whole team is inspiring and responsive, and they made it so simple to bring public art pieces to our campus and city that surprised and delighted our communities.<span class=\"close-quote\">&#8221;<\/span> <span class=\"bottom-arrow\"><\/span><\/p><span class=\"testimonial-name\">Aaron Shackelford, Ph.D. (he\/him\/his)<\/span><span class=\"title\">Duke Arts<\/span><\/blockquote><blockquote>  <p><span class=\"open-quote\">&#8220;<\/span>The entire experience with LeMonde from start to finish was exceptional and their final installations exceeded expectations. The team is highly creative, visionary, flexible and professional making them the perfect team to execute unforgettable public art installations in your community.<span class=\"close-quote\">&#8221;<\/span> <span class=\"bottom-arrow\"><\/span><\/p><span class=\"testimonial-name\">Sydney Bethel Price, AICP<\/span><span class=\"title\">Gilbert Arizona<\/span><\/blockquote><\/div><\/div>\n\t\t\t<\/div> \n\t\t<\/div>\n\t<\/div> \n<\/div><\/div>","protected":false},"excerpt":{"rendered":"About LeMonde Studio Art durable + Exp\u00e9riences immersives LeMonde Studio is a transformative movement toward green entertainment combining interactive art with sensible technology. \u21dd Cr\u00e9er\u2698 Alimenter\u0f04 Faire jaillir\u2301 Provoquer\u0724 R\u00e9colter...","protected":false},"author":2,"featured_media":0,"parent":0,"menu_order":0,"comment_status":"closed","ping_status":"closed","template":"","meta":{"footnotes":""},"_links":{"self":[{"href":"http:\/\/lemondestudio.com\/fr\/wp-json\/wp\/v2\/pages\/73"}],"collection":[{"href":"http:\/\/lemondestudio.com\/fr\/wp-json\/wp\/v2\/pages"}],"about":[{"href":"http:\/\/lemondestudio.com\/fr\/wp-json\/wp\/v2\/types\/page"}],"author":[{"embeddable":true,"href":"http:\/\/lemondestudio.com\/fr\/wp-json\/wp\/v2\/users\/2"}],"replies":[{"embeddable":true,"href":"http:\/\/lemondestudio.com\/fr\/wp-json\/wp\/v2\/comments?post=73"}],"version-history":[{"count":11,"href":"http:\/\/lemondestudio.com\/fr\/wp-json\/wp\/v2\/pages\/73\/revisions"}],"predecessor-version":[{"id":1239,"href":"http:\/\/lemondestudio.com\/fr\/wp-json\/wp\/v2\/pages\/73\/revisions\/1239"}],"wp:attachment":[{"href":"http:\/\/lemondestudio.com\/fr\/wp-json\/wp\/v2\/media?parent=73"}],"curies":[{"name":"wp","href":"https:\/\/api.w.org\/{rel}","templated":true}]}}